{"id":13592,"date":"2019-06-05T16:32:44","date_gmt":"2019-06-05T14:32:44","guid":{"rendered":"https:\/\/www.hscnederland.nl\/postes-vacants\/"},"modified":"2025-08-29T11:15:22","modified_gmt":"2025-08-29T09:15:22","slug":"postes-vacants","status":"publish","type":"page","link":"https:\/\/www.hscnederland.nl\/fr\/postes-vacants\/","title":{"rendered":"Postes vacants"},"content":{"rendered":"<div id='av_section_1'  class='avia-section av-4vimq-d467c444fadc502a75daa1bd60e3d8f6 main_color avia-section-default avia-no-border-styling  avia-builder-el-0  el_before_av_section  avia-builder-el-first  avia-bg-style-scroll container_wrap fullsize'  ><div class='container av-section-cont-open' ><main  role=\"main\" itemprop=\"mainContentOfPage\"  class='template-page content  av-content-full alpha units'><div class='post-entry post-entry-type-page post-entry-13592'><div class='entry-content-wrapper clearfix'>\n\n<style type=\"text\/css\" data-created_by=\"avia_inline_auto\" id=\"style-css-av-4gm7m-6ac86e5612c24daf8c05d41e31a93350\">\n.flex_column.av-4gm7m-6ac86e5612c24daf8c05d41e31a93350{\nborder-radius:0px 0px 0px 0px;\npadding:0px 0px 0px 0px;\n}\n<\/style>\n<div  class='flex_column av-4gm7m-6ac86e5612c24daf8c05d41e31a93350 av_one_fifth  avia-builder-el-1  el_before_av_three_fifth  avia-builder-el-first  first flex_column_div av-zero-column-padding  '     ><\/div>\n<style type=\"text\/css\" data-created_by=\"avia_inline_auto\" id=\"style-css-av-3nxca-0d67f229519e4471259f9a8668a5ee78\">\n.flex_column.av-3nxca-0d67f229519e4471259f9a8668a5ee78{\nborder-radius:0px 0px 0px 0px;\npadding:0px 0px 0px 0px;\n}\n<\/style>\n<div  class='flex_column av-3nxca-0d67f229519e4471259f9a8668a5ee78 av_three_fifth  avia-builder-el-2  el_after_av_one_fifth  avia-builder-el-last  flex_column_div av-animated-generic bottom-to-top av-zero-column-padding  '     ><p>\n<style type=\"text\/css\" data-created_by=\"avia_inline_auto\" id=\"style-css-av-1pdiy-fcaddd74a6e496006008d5c18cc7b5e7\">\n#top .av-special-heading.av-1pdiy-fcaddd74a6e496006008d5c18cc7b5e7{\npadding-bottom:10px;\n}\nbody .av-special-heading.av-1pdiy-fcaddd74a6e496006008d5c18cc7b5e7 .av-special-heading-tag .heading-char{\nfont-size:25px;\n}\n.av-special-heading.av-1pdiy-fcaddd74a6e496006008d5c18cc7b5e7 .av-subheading{\nfont-size:15px;\n}\n<\/style>\n<div  class='av-special-heading av-1pdiy-fcaddd74a6e496006008d5c18cc7b5e7 av-special-heading-h1 blockquote modern-quote modern-centered  avia-builder-el-3  el_before_av_textblock  avia-builder-el-first '><h1 class='av-special-heading-tag '  itemprop=\"headline\"  >Postes vacants<\/h1><div class=\"special-heading-border\"><div class=\"special-heading-inner-border\"><\/div><\/div><\/div><br \/>\n<section  class='av_textblock_section av-jwrf21ed-d336588bf3052a16f450f98125b86e9e '   itemscope=\"itemscope\" itemtype=\"https:\/\/schema.org\/CreativeWork\" ><div class='avia_textblock'  itemprop=\"text\" ><p style=\"text-align: center;\">Horloge &amp; Sieraden Center Nederland (HSC Nederland), onderdeel van de PDA Group, is een gerenommeerd horloge en sieraden reparatie-atelier. Wij repareren horloges en sieraden voor winkelketens, online aanbieders, warenhuizen en juweliers.<\/p>\n<p style=\"text-align: center;\">Bekijk hieronder onze openstaande vacatures.<\/p>\n<\/div><\/section><\/p><\/div>\n\n<\/div><\/div><\/main><!-- close content main element --><\/div><\/div>\n<style type=\"text\/css\" data-created_by=\"avia_inline_auto\" id=\"style-css-av-amfy-a9e40854798b444087624f11e01c0460\">\n.avia-section.av-amfy-a9e40854798b444087624f11e01c0460{\nbackground-color:#efefef;\nbackground-image:unset;\n}\n<\/style>\n<div id='av_section_2'  class='avia-section av-amfy-a9e40854798b444087624f11e01c0460 main_color avia-section-default avia-no-border-styling  avia-builder-el-5  el_after_av_section  avia-builder-el-last  avia-bg-style-scroll container_wrap fullsize'  ><div class='container av-section-cont-open' ><div class='template-page content  av-content-full alpha units'><div class='post-entry post-entry-type-page post-entry-13592'><div class='entry-content-wrapper clearfix'>\n\n<style type=\"text\/css\" data-created_by=\"avia_inline_auto\" id=\"style-css-av-281aa-270289406a2d0fb1513df4a043f87f5f\">\n.flex_column.av-281aa-270289406a2d0fb1513df4a043f87f5f{\nborder-radius:0px 0px 0px 0px;\npadding:0px 0px 0px 0px;\n}\n<\/style>\n<div  class='flex_column av-281aa-270289406a2d0fb1513df4a043f87f5f av_one_half  avia-builder-el-6  el_before_av_one_half  avia-builder-el-first  first flex_column_div av-animated-generic bottom-to-top av-zero-column-padding  '     ><p>\n<style type=\"text\/css\" data-created_by=\"avia_inline_auto\" id=\"style-css-av-l8ybwvif-e515e2851907ee15505502344a903b9b\">\n#top .togglecontainer.av-l8ybwvif-e515e2851907ee15505502344a903b9b p.toggler{\ncolor:#ffffff;\nbackground-color:#1d4f61;\nborder-color:#f09019;\n}\n#top .togglecontainer.av-l8ybwvif-e515e2851907ee15505502344a903b9b p.toggler:not(.activeTitle):hover{\ncolor:#ffffff;\nbackground-color:#17617c;\n}\n#top .togglecontainer.av-l8ybwvif-e515e2851907ee15505502344a903b9b p.toggler:not(.activeTitle):hover .toggle_icon, #top .togglecontainer.av-l8ybwvif-e515e2851907ee15505502344a903b9b p.toggler:not(.activeTitle):hover .toggle_icon *{\nborder-color:#ffffff !important;\n}\n#top .togglecontainer.av-l8ybwvif-e515e2851907ee15505502344a903b9b p.toggler .toggle_icon{\ncolor:#ffffff;\nborder-color:#ffffff;\n}\n#top .togglecontainer.av-l8ybwvif-e515e2851907ee15505502344a903b9b .toggle_wrap .toggle_content{\ncolor:#ffffff;\nbackground-color:#1d4f61;\nborder-color:#f09019;\n}\n<\/style>\n<div  class='togglecontainer av-l8ybwvif-e515e2851907ee15505502344a903b9b av-minimal-toggle  avia-builder-el-7  el_before_av_toggle_container  avia-builder-el-first  av-desktop-hide av-medium-hide av-small-hide av-mini-hide toggle_close_all' >\n<section class='av_toggle_section av-l8ybwuam-4fdda83970f466d670bccb59df698a27'  itemscope=\"itemscope\" itemtype=\"https:\/\/schema.org\/CreativeWork\" ><div role=\"tablist\" class=\"single_toggle\" data-tags=\"{Tout} \"  ><p id='toggle-toggle-id-1' data-fake-id='#toggle-id-1' class='toggler  av-title-above av-inherit-font-color hasCustomColor av-inherit-border-color'  itemprop=\"headline\"  role='tab' tabindex='0' aria-controls='toggle-id-1' data-slide-speed=\"200\" data-title=\"Horloger\" data-title-open=\"\" data-aria_collapsed=\"Cliquez pour \u00e9tendre : Horloger\" data-aria_expanded=\"Cliquez pour r\u00e9duire : Horloger\">Horloger<span class=\"toggle_icon\"><span class=\"vert_icon\"><\/span><span class=\"hor_icon\"><\/span><\/span><\/p><div id='toggle-id-1' aria-labelledby='toggle-toggle-id-1' role='region' class='toggle_wrap  av-title-above'  ><div class='toggle_content invers-color av-inherit-font-color hasCustomColor av-inherit-border-color'  itemprop=\"text\" ><p><strong>Functieomschrijving<\/strong><\/p>\n<p>HSC Nederland<span class=\"TextRun SCXW203053676 BCX8\" lang=\"NL-NL\" xml:lang=\"NL-NL\" data-contrast=\"none\"><span class=\"NormalTextRun SCXW203053676 BCX8\" data-ccp-parastyle=\"Normal (Web)\"> bestaat uit horlogemakers en klantenservice- &amp; logistiekspecialisten<\/span><\/span>. Als horlogemaker repareer je dagelijks horloges van fashion merken tot luxe merken. Daarnaast maak je prijsopgaven. Het klantenserviceteam focust op het contact met klanten en leveranciers en het bestellen van onderdelen. Zo kunnen de horlogemakers zich optimaal op hun vak focussen. HSC Nederland is door de volgende merken gecertificeerd: Cartier, Baume &amp; Mercier, Montblanc, Tag Heuer, Omega, Rado, Longines, Hamilton, Certina, Tissot, Mido en Balmain. Als HSC horlogemaker zou je regelmatig de kans krijgen, om naar die merken te gaan voor training en certificatie.<\/p>\n<p>Werk je secuur en georganiseerd? Ben je oplossingsgericht en een team-player? Dan is deze functie perfect voor jou!<\/p>\n<p><strong>Wie zijn wij?<\/strong><\/p>\n<p>HSC Nederland is een gerenommeerd horloge en sieraden reparatie-atelier. In een van de mooiste reparatie ateliers van Nederland, repareren wij horloges en sieraden voor warenhuizen, juweliers en online aanbieders. Wij werken intensief samen met leveranciers om in ons atelier zoveel reparaties mogelijk te kunnen uitvoeren.<\/p>\n<p>HSC Nederland is onderdeel van de PDA Group en gevestigd in Zaandam.<\/p>\n<p><strong>De werkzaamheden:<\/strong><br \/>\n\u2022 Het uitvoeren van reparaties en servicebeurten;<br \/>\n\u2022 Het opstellen van prijsopgaven;<br \/>\n\u2022 Medeverantwoordelijk voor het bijhouden van de werkplaatsvoorraad.<\/p>\n<p><strong>Jouw profiel<\/strong><br \/>\n\u2022 Je hebt een erkende opleiding als horlogemaker;<br \/>\n\u2022 Je hebt ervaring met diverse ETA uurwerken (idealiter Omega gecertificeerd);<br \/>\n\u2022 Je bent oplossingsgericht, leergierig, stressbestendig en gedreven;<br \/>\n\u2022 Je bent zelfkritisch om een optimaal resultaat te behalen;<br \/>\n\u2022 Je kunt zowel zelfstandig als in teamverband goed functioneren;<br \/>\n\u2022 Je hebt een goede kennis van de Nederlandse taal in woord en geschrift;<br \/>\n\u2022 Je hebt goede communicatieve vaardigheden;<br \/>\n\u2022 Je bent woonachtig in de omgeving van Zaandam\/Amsterdam.<\/p>\n<p><strong>Wat bieden wij?<\/strong><br \/>\n\u2022 Een marktconform salaris;<br \/>\n\u2022 Een contract voor 40 uur per week;<br \/>\n\u2022 Goede secundaire arbeidsvoorwaarden;<br \/>\n\u2022 Een afwisselende functie binnen een informeel en hecht team;<br \/>\n\u2022 Het trainen door de meest prestigieuze horlogemerken;<br \/>\n\u2022 Leuke collega\u2019s.<\/p>\n<p><strong>Locatie<\/strong><br \/>\n\u2022 Zaandam<\/p>\n<\/div><\/div><\/div><\/section>\n<\/div><br \/>\n\n<style type=\"text\/css\" data-created_by=\"avia_inline_auto\" id=\"style-css-av-l50rrpso-027269883c67c3dc4048f09f3f86179f\">\n#top .togglecontainer.av-l50rrpso-027269883c67c3dc4048f09f3f86179f p.toggler{\ncolor:#ffffff;\nbackground-color:#1d4f61;\nborder-color:#f09019;\n}\n#top .togglecontainer.av-l50rrpso-027269883c67c3dc4048f09f3f86179f p.toggler:not(.activeTitle):hover{\ncolor:#ffffff;\nbackground-color:#17617c;\n}\n#top .togglecontainer.av-l50rrpso-027269883c67c3dc4048f09f3f86179f p.toggler:not(.activeTitle):hover .toggle_icon, #top .togglecontainer.av-l50rrpso-027269883c67c3dc4048f09f3f86179f p.toggler:not(.activeTitle):hover .toggle_icon *{\nborder-color:#ffffff !important;\n}\n#top .togglecontainer.av-l50rrpso-027269883c67c3dc4048f09f3f86179f p.toggler .toggle_icon{\ncolor:#ffffff;\nborder-color:#ffffff;\n}\n#top .togglecontainer.av-l50rrpso-027269883c67c3dc4048f09f3f86179f .toggle_wrap .toggle_content{\ncolor:#ffffff;\nbackground-color:#1d4f61;\nborder-color:#f09019;\n}\n<\/style>\n<div  class='togglecontainer av-l50rrpso-027269883c67c3dc4048f09f3f86179f av-minimal-toggle  avia-builder-el-8  el_after_av_toggle_container  el_before_av_toggle_container  av-desktop-hide av-medium-hide av-small-hide av-mini-hide toggle_close_all' >\n<section class='av_toggle_section av-l50rron8-8ed492190be0e966794da6e3c7d67eb5'  itemscope=\"itemscope\" itemtype=\"https:\/\/schema.org\/CreativeWork\" ><div role=\"tablist\" class=\"single_toggle\" data-tags=\"{Tout} \"  ><p id='toggle-toggle-id-2' data-fake-id='#toggle-id-2' class='toggler  av-title-above av-inherit-font-color hasCustomColor av-inherit-border-color'  itemprop=\"headline\"  role='tab' tabindex='0' aria-controls='toggle-id-2' data-slide-speed=\"200\" data-title=\"Edelsmid\" data-title-open=\"\" data-aria_collapsed=\"Cliquez pour \u00e9tendre : Edelsmid\" data-aria_expanded=\"Cliquez pour r\u00e9duire : Edelsmid\">Edelsmid<span class=\"toggle_icon\"><span class=\"vert_icon\"><\/span><span class=\"hor_icon\"><\/span><\/span><\/p><div id='toggle-id-2' aria-labelledby='toggle-toggle-id-2' role='region' class='toggle_wrap  av-title-above'  ><div class='toggle_content invers-color av-inherit-font-color hasCustomColor av-inherit-border-color'  itemprop=\"text\" ><p><strong><span class=\"TextRun SCXW203053676 BCX8\" lang=\"NL-NL\" xml:lang=\"NL-NL\" data-contrast=\"none\"><span class=\"NormalTextRun SCXW203053676 BCX8\" data-ccp-charstyle=\"Strong\">Functieomschrijving<\/span><\/span><\/strong><span class=\"LineBreakBlob BlobObject DragDrop SCXW203053676 BCX8\"><strong><span class=\"SCXW203053676 BCX8\">\u00a0<\/span><\/strong><br class=\"SCXW203053676 BCX8\"\/><\/span><\/p>\n<p><span class=\"TextRun SCXW203053676 BCX8\" lang=\"NL-NL\" xml:lang=\"NL-NL\" data-contrast=\"none\"><span class=\"NormalTextRun SCXW203053676 BCX8\" data-ccp-parastyle=\"Normal (Web)\">Ons team<\/span><span class=\"NormalTextRun SCXW203053676 BCX8\" data-ccp-parastyle=\"Normal (Web)\"> bestaat uit horlogemakers en klantenservice- &amp; logistiekspecialisten.<\/span><span class=\"NormalTextRun SCXW203053676 BCX8\" data-ccp-parastyle=\"Normal (Web)\">\u00a0I.v.m. de uitbreiding van onze\u00a0<\/span><span class=\"NormalTextRun SCXW203053676 BCX8\" data-ccp-parastyle=\"Normal (Web)\">service zijn we in juni 2023 begonnen met een gloednieuw goudsmids-atelier<\/span><span class=\"NormalTextRun SCXW203053676 BCX8\" data-ccp-parastyle=\"Normal (Web)\">.<\/span><span class=\"NormalTextRun SCXW203053676 BCX8\" data-ccp-parastyle=\"Normal (Web)\">\u00a0<\/span><span class=\"NormalTextRun SCXW203053676 BCX8\" data-ccp-parastyle=\"Normal (Web)\">Hiervoor<\/span><span class=\"NormalTextRun SCXW203053676 BCX8\" data-ccp-parastyle=\"Normal (Web)\">\u00a0<\/span><span class=\"NormalTextRun SCXW203053676 BCX8\" data-ccp-parastyle=\"Normal (Web)\">zoeken wij een (eventueel\u00a0<\/span><span class=\"SpellingError SCXW203053676 BCX8\" data-ccp-parastyle=\"Normal (Web)\">part-time<\/span><span class=\"NormalTextRun SCXW203053676 BCX8\" data-ccp-parastyle=\"Normal (Web)\">) goudsmid.<\/span><span class=\"NormalTextRun SCXW203053676 BCX8\" data-ccp-parastyle=\"Normal (Web)\"> Als edel<\/span><span class=\"NormalTextRun SCXW203053676 BCX8\" data-ccp-parastyle=\"Normal (Web)\">smid<\/span><span class=\"NormalTextRun SCXW203053676 BCX8\" data-ccp-parastyle=\"Normal (Web)\">\u00a0repareer je\u00a0<\/span><span class=\"NormalTextRun SCXW203053676 BCX8\" data-ccp-parastyle=\"Normal (Web)\">gouden en zilver\u00a0<\/span><span class=\"NormalTextRun SCXW203053676 BCX8\" data-ccp-parastyle=\"Normal (Web)\">sieraden van alle segmenten<\/span><span class=\"NormalTextRun SCXW203053676 BCX8\" data-ccp-parastyle=\"Normal (Web)\">.<\/span><span class=\"NormalTextRun SCXW203053676 BCX8\" data-ccp-parastyle=\"Normal (Web)\">\u00a0Werk je secuur en georganiseerd? Ben je oplossingsgericht<\/span><span class=\"NormalTextRun SCXW203053676 BCX8\" data-ccp-parastyle=\"Normal (Web)\">\u00a0en heb je de klant\u00a0<\/span><span class=\"NormalTextRun SCXW203053676 BCX8\" data-ccp-parastyle=\"Normal (Web)\">als uitgangspunt<\/span><span class=\"NormalTextRun SCXW203053676 BCX8\" data-ccp-parastyle=\"Normal (Web)\">? Dan is deze functie perfect voor jou!<\/span><\/span><span class=\"EOP SCXW203053676 BCX8\" data-ccp-props=\"{\">\u00a0<\/span><\/p>\n<p><span class=\"EOP SCXW203053676 BCX8\" data-ccp-props=\"{\"><strong><span class=\"TextRun SCXW144228131 BCX8\" lang=\"NL-NL\" xml:lang=\"NL-NL\" data-contrast=\"none\"><span class=\"NormalTextRun SCXW144228131 BCX8\" data-ccp-charstyle=\"Strong\">Wie zijn wij?<\/span><\/span><\/strong><span class=\"LineBreakBlob BlobObject DragDrop SCXW144228131 BCX8\"><strong><span class=\"SCXW144228131 BCX8\">\u00a0<\/span><\/strong><br class=\"SCXW144228131 BCX8\"\/><\/span><\/span><\/p>\n<p><span class=\"EOP SCXW203053676 BCX8\" data-ccp-props=\"{\"><span class=\"TextRun SCXW144228131 BCX8\" lang=\"NL-NL\" xml:lang=\"NL-NL\" data-contrast=\"none\"><span class=\"NormalTextRun SCXW144228131 BCX8\" data-ccp-parastyle=\"Normal (Web)\">HSC Nederland is een gerenommeerd horloge en sieraden reparatie-atelier. In een van de mooiste reparatie ateliers van Nederland, repareren wij horloges en sieraden voor warenhuizen, juweliers en online aanbieders. <\/span><\/span><\/span><\/p>\n<p><span class=\"EOP SCXW203053676 BCX8\" data-ccp-props=\"{\"><span class=\"TextRun SCXW144228131 BCX8\" lang=\"NL-NL\" xml:lang=\"NL-NL\" data-contrast=\"none\"><span class=\"NormalTextRun SCXW144228131 BCX8\" data-ccp-parastyle=\"Normal (Web)\">HSC Nederland is onderdeel van de PDA Group en gevestigd in Zaandam.<\/span><\/span><span class=\"EOP SCXW144228131 BCX8\" data-ccp-props=\"{\">\u00a0<\/span><\/span><\/p>\n<p><b><span data-contrast=\"none\">De werkzaamheden:<\/span><\/b><span data-ccp-props=\"{\">\u00a0<\/span><\/p>\n<p>\u2013 Het uitvoeren van reparaties.<br \/>\n<span data-contrast=\"none\">\u2013 Het opstellen van prijsopgaven.<\/span><br \/>\n<span data-contrast=\"none\">\u2013 Medeverantwoordelijk voor het bijhouden van de werkplaatsvoorraad.<\/span><br \/>\n\u2013 Kwaliteitscontrole bij goederenontvangst.<\/p>\n<p><b><span data-contrast=\"none\">Jouw profiel<\/span><\/b><\/p>\n<p><span data-contrast=\"none\">\u2013 Je hebt een erkende opleiding als Goudsmid.<\/span><br \/>\n<span data-contrast=\"none\">\u2013 Je bent oplossingsgericht, leergierig, stressbestendig en gedreven.<\/span><br \/>\n<span data-contrast=\"none\">\u2013 Je bent zelfkritisch om een optimaal resultaat te behalen.<\/span><br \/>\n<span data-contrast=\"none\">\u2013 Je kunt zowel zelfstandig als in teamverband goed functioneren.<\/span><br \/>\n<span data-contrast=\"none\">\u2013 Je hebt een goede kennis van de Nederlandse taal in woord en geschrift.<\/span><br \/>\n<span data-contrast=\"none\">\u2013 Je hebt flexibel en hebt goede communicatieve vaardigheden.<\/span><br \/>\n<span data-contrast=\"none\">\u2013 Je bent woonachtig in de omgeving van Zaandam\/Amsterdam.<\/span><span data-ccp-props=\"{\">\u00a0<\/span><\/p>\n<p><span data-ccp-props=\"{\"><strong><span class=\"TextRun SCXW106874696 BCX8\" lang=\"NL-NL\" xml:lang=\"NL-NL\" data-contrast=\"none\"><span class=\"NormalTextRun SCXW106874696 BCX8\" data-ccp-charstyle=\"Strong\">Wat bieden wij?<\/span><\/span><\/strong><span class=\"LineBreakBlob BlobObject DragDrop SCXW106874696 BCX8\"><strong><span class=\"SCXW106874696 BCX8\">\u00a0<\/span><\/strong><br class=\"SCXW106874696 BCX8\"\/><\/span><\/span><\/p>\n<p><span data-ccp-props=\"{\"><span class=\"TextRun SCXW106874696 BCX8\" lang=\"NL-NL\" xml:lang=\"NL-NL\" data-contrast=\"none\"><span class=\"NormalTextRun SCXW106874696 BCX8\" data-ccp-parastyle=\"Normal (Web)\">\u2013 Een marktconform salaris.<\/span><\/span><span class=\"LineBreakBlob BlobObject DragDrop SCXW106874696 BCX8\"><span class=\"SCXW106874696 BCX8\">\u00a0<\/span><br class=\"SCXW106874696 BCX8\"\/><\/span><span class=\"TextRun SCXW106874696 BCX8\" lang=\"NL-NL\" xml:lang=\"NL-NL\" data-contrast=\"none\"><span class=\"NormalTextRun SCXW106874696 BCX8\" data-ccp-parastyle=\"Normal (Web)\">\u2013 Goede secundaire arbeidsvoorwaarden.<\/span><\/span><span class=\"LineBreakBlob BlobObject DragDrop SCXW106874696 BCX8\"><span class=\"SCXW106874696 BCX8\">\u00a0<\/span><br class=\"SCXW106874696 BCX8\"\/><\/span><span class=\"TextRun SCXW106874696 BCX8\" lang=\"NL-NL\" xml:lang=\"NL-NL\" data-contrast=\"none\"><span class=\"NormalTextRun SCXW106874696 BCX8\" data-ccp-parastyle=\"Normal (Web)\">\u2013 Een afwisselende functie binnen een informeel en hecht team.<\/span><\/span><span class=\"LineBreakBlob BlobObject DragDrop SCXW106874696 BCX8\"><span class=\"SCXW106874696 BCX8\">\u00a0<\/span><br class=\"SCXW106874696 BCX8\"\/><\/span><span class=\"TextRun SCXW106874696 BCX8\" lang=\"NL-NL\" xml:lang=\"NL-NL\" data-contrast=\"none\"><span class=\"NormalTextRun SCXW106874696 BCX8\" data-ccp-parastyle=\"Normal (Web)\">\u2013 Leuke collega\u2019s.<\/span><\/span><span class=\"EOP SCXW106874696 BCX8\" data-ccp-props=\"{\">\u00a0<\/span><\/span><\/p>\n<p><b><span data-contrast=\"none\">Locatie<\/span><\/b><br \/>\n<span data-contrast=\"none\">Zaandam<\/span><\/p>\n<p><span data-contrast=\"none\">Ben je ge\u00efnteresseerd of ken je iemand die uitermate geschikt is voor deze functie? Neem dan contact op met Blaise Raboud via\u202f<\/span><a href=\"mailto:blaise.raboud@hscnederland.nl\"><span data-contrast=\"none\">blaise.raboud@hscnederland.nl<\/span><\/a><\/p>\n<\/div><\/div><\/div><\/section>\n<\/div><br \/>\n\n<style type=\"text\/css\" data-created_by=\"avia_inline_auto\" id=\"style-css-av-jwrf41xe-dd2fc2ad008fac541c803319b0971b9a\">\n#top .togglecontainer.av-jwrf41xe-dd2fc2ad008fac541c803319b0971b9a p.toggler{\ncolor:#ffffff;\nbackground-color:#1d4f61;\nborder-color:#f09019;\n}\n#top .togglecontainer.av-jwrf41xe-dd2fc2ad008fac541c803319b0971b9a p.toggler:not(.activeTitle):hover{\ncolor:#ffffff;\nbackground-color:#17617c;\n}\n#top .togglecontainer.av-jwrf41xe-dd2fc2ad008fac541c803319b0971b9a p.toggler:not(.activeTitle):hover .toggle_icon, #top .togglecontainer.av-jwrf41xe-dd2fc2ad008fac541c803319b0971b9a p.toggler:not(.activeTitle):hover .toggle_icon *{\nborder-color:#ffffff !important;\n}\n#top .togglecontainer.av-jwrf41xe-dd2fc2ad008fac541c803319b0971b9a p.toggler .toggle_icon{\ncolor:#ffffff;\nborder-color:#ffffff;\n}\n#top .togglecontainer.av-jwrf41xe-dd2fc2ad008fac541c803319b0971b9a .toggle_wrap .toggle_content{\ncolor:#ffffff;\nbackground-color:#1d4f61;\nborder-color:#f09019;\n}\n<\/style>\n<div  class='togglecontainer av-jwrf41xe-dd2fc2ad008fac541c803319b0971b9a av-minimal-toggle  avia-builder-el-9  el_after_av_toggle_container  avia-builder-el-last  toggle_close_all' >\n<section class='av_toggle_section av-oecq-ac8db53b716c01ec0f104bad570aa93d'  itemscope=\"itemscope\" itemtype=\"https:\/\/schema.org\/CreativeWork\" ><div role=\"tablist\" class=\"single_toggle\" data-tags=\"{Tout} \"  ><p id='toggle-toggle-id-3' data-fake-id='#toggle-id-3' class='toggler  av-title-above av-inherit-font-color hasCustomColor av-inherit-border-color'  itemprop=\"headline\"  role='tab' tabindex='0' aria-controls='toggle-id-3' data-slide-speed=\"200\" data-title=\"Candidature spontan\u00e9e h\/f\" data-title-open=\"\" data-aria_collapsed=\"Cliquez pour \u00e9tendre : Candidature spontan\u00e9e h\/f\" data-aria_expanded=\"Cliquez pour r\u00e9duire : Candidature spontan\u00e9e h\/f\">Candidature spontan\u00e9e h\/f<span class=\"toggle_icon\"><span class=\"vert_icon\"><\/span><span class=\"hor_icon\"><\/span><\/span><\/p><div id='toggle-id-3' aria-labelledby='toggle-toggle-id-3' role='region' class='toggle_wrap  av-title-above'  ><div class='toggle_content invers-color av-inherit-font-color hasCustomColor av-inherit-border-color'  itemprop=\"text\" ><p>Pensez-vous que vous correspondriez parfaitement \u00e0 HSC Nederland?<\/p>\n<p>Envoyez votre candidature spontan\u00e9e, accompagn\u00e9e d&rsquo;une lettre de motivation et d&rsquo;un CV, \u00e0 :<\/p>\n<p>HSC Nederland<br \/>\n\u00c0 l&rsquo;attention de : Blaise Raboud<br \/>\n<a href=\"mailto:blaise.raboud@hscnederland.nl\">blaise.raboud@hscnederland.nl<\/a><\/p>\n<\/div><\/div><\/div><\/section>\n<\/div><\/p><\/div>\n<style type=\"text\/css\" data-created_by=\"avia_inline_auto\" id=\"style-css-av-qpau-364c3590a2c8ed6902de0c5603644003\">\n.flex_column.av-qpau-364c3590a2c8ed6902de0c5603644003{\nborder-radius:0px 0px 0px 0px;\npadding:0px 0px 0px 0px;\n}\n<\/style>\n<div  class='flex_column av-qpau-364c3590a2c8ed6902de0c5603644003 av_one_half  avia-builder-el-10  el_after_av_one_half  avia-builder-el-last  flex_column_div av-animated-generic bottom-to-top av-zero-column-padding  '     ><section  class='av_textblock_section av-jwrf5uj4-e0ab134064227f4e63cbdee2f31eea9a '   itemscope=\"itemscope\" itemtype=\"https:\/\/schema.org\/CreativeWork\" ><div class='avia_textblock'  itemprop=\"text\" ><p>Nous attendons votre candidature avec impatience ! Veuillez envoyer votre CV et votre lettre de motivation \u00e0 : <\/p>\n<p>HSC Pays-Bas<br \/>\n\u00c0 l&rsquo;attention de Paul Arbeid<br \/>\n<a href=\"mailto:info@hscnederland.nl\">info@hscnederland.nl<\/a><\/p>\n<\/div><\/section><\/div>\n","protected":false},"excerpt":{"rendered":"","protected":false},"author":1,"featured_media":0,"parent":0,"menu_order":0,"comment_status":"closed","ping_status":"closed","template":"","meta":{"footnotes":""},"class_list":["post-13592","page","type-page","status-publish","hentry"],"_links":{"self":[{"href":"https:\/\/www.hscnederland.nl\/fr\/wp-json\/wp\/v2\/pages\/13592","targetHints":{"allow":["GET"]}}],"collection":[{"href":"https:\/\/www.hscnederland.nl\/fr\/wp-json\/wp\/v2\/pages"}],"about":[{"href":"https:\/\/www.hscnederland.nl\/fr\/wp-json\/wp\/v2\/types\/page"}],"author":[{"embeddable":true,"href":"https:\/\/www.hscnederland.nl\/fr\/wp-json\/wp\/v2\/users\/1"}],"replies":[{"embeddable":true,"href":"https:\/\/www.hscnederland.nl\/fr\/wp-json\/wp\/v2\/comments?post=13592"}],"version-history":[{"count":3,"href":"https:\/\/www.hscnederland.nl\/fr\/wp-json\/wp\/v2\/pages\/13592\/revisions"}],"predecessor-version":[{"id":13641,"href":"https:\/\/www.hscnederland.nl\/fr\/wp-json\/wp\/v2\/pages\/13592\/revisions\/13641"}],"wp:attachment":[{"href":"https:\/\/www.hscnederland.nl\/fr\/wp-json\/wp\/v2\/media?parent=13592"}],"curies":[{"name":"wp","href":"https:\/\/api.w.org\/{rel}","templated":true}]}}