{"id":2068,"date":"2019-06-05T16:35:04","date_gmt":"2019-06-05T14:35:04","guid":{"rendered":"https:\/\/www.hscnederland.nl\/accueil\/"},"modified":"2025-08-04T15:51:22","modified_gmt":"2025-08-04T13:51:22","slug":"accueil","status":"publish","type":"page","link":"https:\/\/www.hscnederland.nl\/fr\/","title":{"rendered":"Accueil"},"content":{"rendered":"\n<style type=\"text\/css\" data-created_by=\"avia_inline_auto\" id=\"style-css-av-jwucro79-e68b4e0716822dea8c15a125aba6d011\">\n.avia-section.av-jwucro79-e68b4e0716822dea8c15a125aba6d011{\nbackground-repeat:no-repeat;\nbackground-image:url(https:\/\/www.hscnederland.nl\/wp-content\/uploads\/2019\/08\/1920x400.jpg);\nbackground-position:50% 50%;\nbackground-attachment:scroll;\n}\n<\/style>\n<div id='av_section_1'  class='avia-section av-jwucro79-e68b4e0716822dea8c15a125aba6d011 main_color avia-section-default avia-no-border-styling  avia-builder-el-0  el_before_av_section  avia-builder-el-first  avia-full-stretch avia-bg-style-scroll av-minimum-height av-minimum-height-custom av-height-custom  container_wrap fullsize'  data-section-bg-repeat='stretch' data-av_minimum_height_px='400'><div class='container av-section-cont-open' style='height:400px'><main  role=\"main\" itemprop=\"mainContentOfPage\"  class='template-page content  av-content-full alpha units'><div class='post-entry post-entry-type-page post-entry-2068'><div class='entry-content-wrapper clearfix'>\n\n<style type=\"text\/css\" data-created_by=\"avia_inline_auto\" id=\"style-css-av-jysk1s0s-27282c554573fc422bb062fbef209065\">\n#top .av_textblock_section.av-jysk1s0s-27282c554573fc422bb062fbef209065 .avia_textblock{\ncolor:#ffffff;\n}\n<\/style>\n<section  class='av_textblock_section av-jysk1s0s-27282c554573fc422bb062fbef209065 '   itemscope=\"itemscope\" itemtype=\"https:\/\/schema.org\/CreativeWork\" ><div class='avia_textblock av_inherit_color'  itemprop=\"text\" ><blockquote>\n<h1>Horloge &amp; Sieraden Center Nederland<\/h1>\n<p>Repareert horloges en sieraden voor juweliers, webshops en warenhuizen.<\/p>\n<\/blockquote>\n<\/div><\/section>\n\n<\/div><\/div><\/main><!-- close content main element --><\/div><\/div>\n<style type=\"text\/css\" data-created_by=\"avia_inline_auto\" id=\"style-css-av-jwkdo69g-ae78ed0c2c7c8b11137fb66183b84131\">\n.avia-section.av-jwkdo69g-ae78ed0c2c7c8b11137fb66183b84131{\nbackground-color:#efefef;\nbackground-image:unset;\nmargin-top:150px;\nmargin-bottom:0px;\n}\n<\/style>\n<div id='av_section_2'  class='avia-section av-jwkdo69g-ae78ed0c2c7c8b11137fb66183b84131 main_color avia-section-default avia-no-border-styling  avia-builder-el-2  el_after_av_section  el_before_av_one_full  avia-bg-style-scroll container_wrap fullsize'  ><div class='container av-section-cont-open' ><div class='template-page content  av-content-full alpha units'><div class='post-entry post-entry-type-page post-entry-2068'><div class='entry-content-wrapper clearfix'>\n<div class='flex_column_table av-jwkdisw3-12873a3eec6ea300918ef99cf3865ab4 sc-av_one_third av-break-at-tablet-flextable av-equal-height-column-flextable'>\n<style type=\"text\/css\" data-created_by=\"avia_inline_auto\" id=\"style-css-av-jwkdisw3-12873a3eec6ea300918ef99cf3865ab4\">\n@keyframes av_boxShadowEffect_av-jwkdisw3-12873a3eec6ea300918ef99cf3865ab4-column {\n0%   { box-shadow:  0 0 0 0 #e2e2e2; opacity: 1; }\n100% { box-shadow:  0 0 10px 0 #e2e2e2; opacity: 1; }\n}\n#top .flex_column_table.av-equal-height-column-flextable.av-jwkdisw3-12873a3eec6ea300918ef99cf3865ab4{\nmargin-top:-150px;\nmargin-bottom:0px;\n}\n.flex_column.av-jwkdisw3-12873a3eec6ea300918ef99cf3865ab4{\nbox-shadow: 0 0 10px 0 #e2e2e2;\nborder-radius:0px 0px 0px 0px;\npadding:30px 20px 20px 20px;\nbackground-color:#ffffff;\n}\n<\/style>\n<div  class='flex_column av-jwkdisw3-12873a3eec6ea300918ef99cf3865ab4 av_one_third  avia-builder-el-3  el_before_av_one_third  avia-builder-el-first  first av-break-at-tablet flex_column_table_cell av-equal-height-column av-align-top av-animated-generic bottom-to-top shadow-not-animated  '     ><p>\n<style type=\"text\/css\" data-created_by=\"avia_inline_auto\" id=\"style-css-av-jwkdgzeq-edcaf3fc70d5bfd11f943150a2a3befa\">\n.av_font_icon.av-jwkdgzeq-edcaf3fc70d5bfd11f943150a2a3befa{\ncolor:#2089ca;\nborder-color:#2089ca;\n}\n.avia-svg-icon.av-jwkdgzeq-edcaf3fc70d5bfd11f943150a2a3befa svg:first-child{\nstroke:#2089ca;\nfill:#2089ca;\n}\n.av_font_icon.av-jwkdgzeq-edcaf3fc70d5bfd11f943150a2a3befa .av-icon-char{\nfont-size:40px;\nline-height:40px;\n}\n<\/style>\n<span  class='av_font_icon av-jwkdgzeq-edcaf3fc70d5bfd11f943150a2a3befa avia_animate_when_visible av-icon-style- avia-icon-pos-center avia-iconfont avia-font-entypo-fontello avia-icon-animate'><span class='av-icon-char' data-av_icon='\ue856' data-av_iconfont='entypo-fontello' aria-hidden=\"true\" ><\/span><\/span><br \/>\n\n<style type=\"text\/css\" data-created_by=\"avia_inline_auto\" id=\"style-css-av-jwkinaxj-fcf75413f07ee95686805a19100e440e\">\n#top .hr.hr-invisible.av-jwkinaxj-fcf75413f07ee95686805a19100e440e{\nheight:20px;\n}\n<\/style>\n<div  class='hr av-jwkinaxj-fcf75413f07ee95686805a19100e440e hr-invisible  avia-builder-el-5  el_after_av_font_icon  el_before_av_textblock '><span class='hr-inner '><span class=\"hr-inner-style\"><\/span><\/span><\/div><br \/>\n<section  class='av_textblock_section av-jwkdhshl-e56040cc7b92d58bb32fd058f9e09645 '   itemscope=\"itemscope\" itemtype=\"https:\/\/schema.org\/CreativeWork\" ><div class='avia_textblock'  itemprop=\"text\" ><h2 style=\"text-align: center;\">Expertise<\/h2>\n<p style=\"text-align: center;\">Nos horlogers sont des experts avec des ann\u00e9es d&rsquo;exp\u00e9rience dans la r\u00e9paration et l&rsquo;entretien des bijoux et des montres.<\/p>\n<\/div><\/section><\/p><\/div><div class='av-flex-placeholder'><\/div>\n<style type=\"text\/css\" data-created_by=\"avia_inline_auto\" id=\"style-css-av-jwkdisw3-10-8fd9fb1f124090b1239368745904d635\">\n@keyframes av_boxShadowEffect_av-jwkdisw3-10-8fd9fb1f124090b1239368745904d635-column {\n0%   { box-shadow:  0 0 0 0 #e2e2e2; opacity: 1; }\n100% { box-shadow:  0 0 10px 0 #e2e2e2; opacity: 1; }\n}\n#top .flex_column_table.av-equal-height-column-flextable.av-jwkdisw3-10-8fd9fb1f124090b1239368745904d635{\nmargin-top:-150px;\nmargin-bottom:0px;\n}\n.flex_column.av-jwkdisw3-10-8fd9fb1f124090b1239368745904d635{\nbox-shadow: 0 0 10px 0 #e2e2e2;\nborder-radius:0px 0px 0px 0px;\npadding:30px 20px 20px 20px;\nbackground-color:#ffffff;\n}\n<\/style>\n<div  class='flex_column av-jwkdisw3-10-8fd9fb1f124090b1239368745904d635 av_one_third  avia-builder-el-7  el_after_av_one_third  el_before_av_one_third  av-break-at-tablet flex_column_table_cell av-equal-height-column av-align-top av-animated-generic bottom-to-top shadow-not-animated  '     ><p>\n<style type=\"text\/css\" data-created_by=\"avia_inline_auto\" id=\"style-css-av-jwkdgzeq-9-04b5ff9d3bc5951a33b7e53bf3130306\">\n.av_font_icon.av-jwkdgzeq-9-04b5ff9d3bc5951a33b7e53bf3130306{\ncolor:#2089ca;\nborder-color:#2089ca;\n}\n.avia-svg-icon.av-jwkdgzeq-9-04b5ff9d3bc5951a33b7e53bf3130306 svg:first-child{\nstroke:#2089ca;\nfill:#2089ca;\n}\n.av_font_icon.av-jwkdgzeq-9-04b5ff9d3bc5951a33b7e53bf3130306 .av-icon-char{\nfont-size:40px;\nline-height:40px;\n}\n<\/style>\n<span  class='av_font_icon av-jwkdgzeq-9-04b5ff9d3bc5951a33b7e53bf3130306 avia_animate_when_visible av-icon-style- avia-icon-pos-center avia-iconfont avia-font-entypo-fontello avia-icon-animate'><span class='av-icon-char' data-av_icon='\ue808' data-av_iconfont='entypo-fontello' aria-hidden=\"true\" ><\/span><\/span><br \/>\n\n<style type=\"text\/css\" data-created_by=\"avia_inline_auto\" id=\"style-css-av-jwkinaxj-8-d51dc3b18235f68581ae59703aa04587\">\n#top .hr.hr-invisible.av-jwkinaxj-8-d51dc3b18235f68581ae59703aa04587{\nheight:20px;\n}\n<\/style>\n<div  class='hr av-jwkinaxj-8-d51dc3b18235f68581ae59703aa04587 hr-invisible  avia-builder-el-9  el_after_av_font_icon  el_before_av_textblock '><span class='hr-inner '><span class=\"hr-inner-style\"><\/span><\/span><\/div><br \/>\n<section  class='av_textblock_section av-jwkdhshl-7-247424e7af1be4756349fa1c33f78918 '   itemscope=\"itemscope\" itemtype=\"https:\/\/schema.org\/CreativeWork\" ><div class='avia_textblock'  itemprop=\"text\" ><h2 style=\"text-align: center;\">Service<\/h2>\n<p style=\"text-align: center;\">Du moment o\u00f9 vous acceptez la r\u00e9paration jusqu&rsquo;au retour s\u00e9curis\u00e9, nous assurons un traitement sans probl\u00e8me.<\/p>\n<\/div><\/section><\/p><\/div><div class='av-flex-placeholder'><\/div>\n<style type=\"text\/css\" data-created_by=\"avia_inline_auto\" id=\"style-css-av-jwkdisw3-6-912e052aedf898db1066ba3678463089\">\n@keyframes av_boxShadowEffect_av-jwkdisw3-6-912e052aedf898db1066ba3678463089-column {\n0%   { box-shadow:  0 0 0 0 #e2e2e2; opacity: 1; }\n100% { box-shadow:  0 0 10px 0 #e2e2e2; opacity: 1; }\n}\n#top .flex_column_table.av-equal-height-column-flextable.av-jwkdisw3-6-912e052aedf898db1066ba3678463089{\nmargin-top:-150px;\nmargin-bottom:0px;\n}\n.flex_column.av-jwkdisw3-6-912e052aedf898db1066ba3678463089{\nbox-shadow: 0 0 10px 0 #e2e2e2;\nborder-radius:0px 0px 0px 0px;\npadding:30px 20px 20px 20px;\nbackground-color:#ffffff;\n}\n<\/style>\n<div  class='flex_column av-jwkdisw3-6-912e052aedf898db1066ba3678463089 av_one_third  avia-builder-el-11  el_after_av_one_third  el_before_av_one_fifth  av-break-at-tablet flex_column_table_cell av-equal-height-column av-align-top av-animated-generic bottom-to-top shadow-not-animated  '     ><p>\n<style type=\"text\/css\" data-created_by=\"avia_inline_auto\" id=\"style-css-av-jwkdgzeq-5-817756498af93b81f88b008f6e44a37f\">\n.av_font_icon.av-jwkdgzeq-5-817756498af93b81f88b008f6e44a37f{\ncolor:#2089ca;\nborder-color:#2089ca;\n}\n.avia-svg-icon.av-jwkdgzeq-5-817756498af93b81f88b008f6e44a37f svg:first-child{\nstroke:#2089ca;\nfill:#2089ca;\n}\n.av_font_icon.av-jwkdgzeq-5-817756498af93b81f88b008f6e44a37f .av-icon-char{\nfont-size:40px;\nline-height:40px;\n}\n<\/style>\n<span  class='av_font_icon av-jwkdgzeq-5-817756498af93b81f88b008f6e44a37f avia_animate_when_visible av-icon-style- avia-icon-pos-center avia-iconfont avia-font-entypo-fontello avia-icon-animate'><span class='av-icon-char' data-av_icon='\ue822' data-av_iconfont='entypo-fontello' aria-hidden=\"true\" ><\/span><\/span><br \/>\n\n<style type=\"text\/css\" data-created_by=\"avia_inline_auto\" id=\"style-css-av-jwkinaxj-4-13aeb1686b9f2e5a9474c653fb0eab29\">\n#top .hr.hr-invisible.av-jwkinaxj-4-13aeb1686b9f2e5a9474c653fb0eab29{\nheight:20px;\n}\n<\/style>\n<div  class='hr av-jwkinaxj-4-13aeb1686b9f2e5a9474c653fb0eab29 hr-invisible  avia-builder-el-13  el_after_av_font_icon  el_before_av_textblock '><span class='hr-inner '><span class=\"hr-inner-style\"><\/span><\/span><\/div><br \/>\n<section  class='av_textblock_section av-jwkdhshl-3-4fe96402a2e5bd5dde65e5bac4ed2236 '   itemscope=\"itemscope\" itemtype=\"https:\/\/schema.org\/CreativeWork\" ><div class='avia_textblock'  itemprop=\"text\" ><h2 style=\"text-align: center;\">Marques<\/h2>\n<p style=\"text-align: center;\">HSC Nederland r\u00e9pare presque toutes les marques de montres aux Pays-Bas. Des accords ont \u00e9t\u00e9 conclus avec ces marques pour la fourniture de pi\u00e8ces d\u00e9tach\u00e9es.<\/p>\n<\/div><\/section><\/p><\/div><\/div><!--close column table wrapper. Autoclose: 1 -->\n<style type=\"text\/css\" data-created_by=\"avia_inline_auto\" id=\"style-css-av-2gns5-7b90fa1b2440c5bc4cdcd4ac5fbb0150\">\n.flex_column.av-2gns5-7b90fa1b2440c5bc4cdcd4ac5fbb0150{\nborder-radius:0px 0px 0px 0px;\npadding:0px 0px 0px 0px;\n}\n<\/style>\n<div  class='flex_column av-2gns5-7b90fa1b2440c5bc4cdcd4ac5fbb0150 av_one_fifth  avia-builder-el-15  el_after_av_one_third  el_before_av_three_fifth  first flex_column_div av-zero-column-padding  column-top-margin'     ><\/div>\n<style type=\"text\/css\" data-created_by=\"avia_inline_auto\" id=\"style-css-av-1wbrd-e024bedfc6834cf362e15c6e15fee546\">\n.flex_column.av-1wbrd-e024bedfc6834cf362e15c6e15fee546{\nborder-radius:0px 0px 0px 0px;\npadding:0px 0px 0px 0px;\n}\n<\/style>\n<div  class='flex_column av-1wbrd-e024bedfc6834cf362e15c6e15fee546 av_three_fifth  avia-builder-el-16  el_after_av_one_fifth  el_before_av_one_fifth  flex_column_div av-animated-generic bottom-to-top av-zero-column-padding  column-top-margin'     ><p>\n<style type=\"text\/css\" data-created_by=\"avia_inline_auto\" id=\"style-css-av-tc21-35905ff179c8bb626b39e1828ad782c5\">\n#top .av-special-heading.av-tc21-35905ff179c8bb626b39e1828ad782c5{\npadding-bottom:10px;\n}\nbody .av-special-heading.av-tc21-35905ff179c8bb626b39e1828ad782c5 .av-special-heading-tag .heading-char{\nfont-size:25px;\n}\n.av-special-heading.av-tc21-35905ff179c8bb626b39e1828ad782c5 .av-subheading{\nfont-size:15px;\n}\n<\/style>\n<div  class='av-special-heading av-tc21-35905ff179c8bb626b39e1828ad782c5 av-special-heading-h2 blockquote modern-quote modern-centered  avia-builder-el-17  el_before_av_textblock  avia-builder-el-first '><h2 class='av-special-heading-tag '  itemprop=\"headline\"  >\u00c0 propos de nous<\/h2><div class=\"special-heading-border\"><div class=\"special-heading-inner-border\"><\/div><\/div><\/div><br \/>\n<section  class='av_textblock_section av-jwkdxjmt-44ac366ea62d4d319edb963fd037f4ec '   itemscope=\"itemscope\" itemtype=\"https:\/\/schema.org\/CreativeWork\" ><div class='avia_textblock'  itemprop=\"text\" ><p style=\"text-align: center;\">Bienvenue chez HSC Nederland, le centre de service de r\u00e9f\u00e9rence pour les r\u00e9parations de montres et de bijoux. Depuis 2011, nous proposons des r\u00e9parations de haute qualit\u00e9 pour une large gamme de marques de montres, des mouvements Swiss Made aux marques de mode populaires. Nous travaillons avec des bijoutiers, des boutiques en ligne et des grands magasins, et prenons en charge l&rsquo;ensemble de votre processus apr\u00e8s-vente. Gr\u00e2ce \u00e0 nos solutions innovantes, notre service rapide et nos partenaires fiables, nous assurons un processus de r\u00e9paration sans probl\u00e8me et efficace.<\/p>\n<\/div><\/section><br \/>\n<div  class='avia-button-wrap av-jwkdd31q-d9145cf6f5999cb253ccf6687598c032-wrap avia-button-center  avia-builder-el-19  el_after_av_textblock  avia-builder-el-last '><a href='https:\/\/www.hscnederland.nl\/over\/'  class='avia-button av-jwkdd31q-d9145cf6f5999cb253ccf6687598c032 av-link-btn avia-icon_select-yes-right-icon avia-size-medium avia-position-center av-icon-on-hover avia-color-theme-color'   aria-label=\"Lire la suite\"><span class='avia_iconbox_title' >Lire la suite<\/span><span class='avia_button_icon avia_button_icon_right avia-iconfont avia-font-entypo-fontello' data-av_icon='\ue879' data-av_iconfont='entypo-fontello' ><\/span><\/a><\/div><\/p><\/div>\n<style type=\"text\/css\" data-created_by=\"avia_inline_auto\" id=\"style-css-av-1e6zd-25ab5581edaa4e4567530a2688d4340a\">\n.flex_column.av-1e6zd-25ab5581edaa4e4567530a2688d4340a{\nborder-radius:0px 0px 0px 0px;\npadding:0px 0px 0px 0px;\n}\n<\/style>\n<div  class='flex_column av-1e6zd-25ab5581edaa4e4567530a2688d4340a av_one_fifth  avia-builder-el-20  el_after_av_three_fifth  avia-builder-el-last  flex_column_div av-zero-column-padding  column-top-margin'     ><\/div>\n<\/div><\/div><\/div><!-- close content main div --><\/div><\/div><div id='after_section_2'  class='main_color av_default_container_wrap container_wrap fullsize'  ><div class='container av-section-cont-open' ><div class='template-page content  av-content-full alpha units'><div class='post-entry post-entry-type-page post-entry-2068'><div class='entry-content-wrapper clearfix'>\n\n<style type=\"text\/css\" data-created_by=\"avia_inline_auto\" id=\"style-css-av-qja9-452594f5f3b1648055497d7fc899706e\">\n.flex_column.av-qja9-452594f5f3b1648055497d7fc899706e{\nborder-radius:0px 0px 0px 0px;\npadding:0px 0px 0px 0px;\n}\n<\/style>\n<div  class='flex_column av-qja9-452594f5f3b1648055497d7fc899706e av_one_full  avia-builder-el-21  el_after_av_section  el_before_av_section  avia-builder-el-no-sibling  first flex_column_div av-zero-column-padding  '     ><style type=\"text\/css\" data-created_by=\"avia_inline_auto\" id=\"style-css-av-jysknqa5-da56a0456ccad046cda8e0eadd4b6924\">\n#top .av_textblock_section.av-jysknqa5-da56a0456ccad046cda8e0eadd4b6924 .avia_textblock{\nfont-size:23px;\n}\n<\/style>\n<section  class='av_textblock_section av-jysknqa5-da56a0456ccad046cda8e0eadd4b6924 '   itemscope=\"itemscope\" itemtype=\"https:\/\/schema.org\/CreativeWork\" ><div class='avia_textblock'  itemprop=\"text\" ><h3 style=\"text-align: center;\">Service et expertise de haut niveau !<\/h3>\n<\/div><\/section><br \/>\n<section  class='av_textblock_section av-maxwqxyj-369e1841b71f439a44ba65eb233d6f8e '   itemscope=\"itemscope\" itemtype=\"https:\/\/schema.org\/CreativeWork\" ><div class='avia_textblock'  itemprop=\"text\" ><p style=\"text-align: center;\">Gr\u00e2ce \u00e0 notre \u00e9quipe d&rsquo;horlogers certifi\u00e9s, nous pouvons effectuer la plupart des r\u00e9parations de montres en interne. Du remplacement de pile pour les marques de mode \u00e0 la r\u00e9vision compl\u00e8te et l&rsquo;entretien des montres les plus exceptionnelles. De plus, les r\u00e9parations telles que le remplacement du verre et la garantie d&rsquo;\u00e9tanch\u00e9it\u00e9 font partie de notre quotidien. Nous pouvons \u00e9galement polir votre montre.<\/p>\n<\/div><\/section><br \/>\n\n<style type=\"text\/css\" data-created_by=\"avia_inline_auto\" id=\"style-css-av-jz3v1h0q-8a6cb437aea31b0155b0429a27308252\">\n.avia-image-container.av-jz3v1h0q-8a6cb437aea31b0155b0429a27308252 img.avia_image{\nbox-shadow:none;\n}\n.avia-image-container.av-jz3v1h0q-8a6cb437aea31b0155b0429a27308252 .av-image-caption-overlay-center{\ncolor:#ffffff;\n}\n<\/style>\n<div  class='avia-image-container av-jz3v1h0q-8a6cb437aea31b0155b0429a27308252 av-styling- av-img-linked avia-align-center  avia-builder-el-24  el_after_av_textblock  avia-builder-el-last '   itemprop=\"image\" itemscope=\"itemscope\" itemtype=\"https:\/\/schema.org\/ImageObject\" ><div class=\"avia-image-container-inner\"><div class=\"avia-image-overlay-wrap\"><a href=\"https:\/\/www.hscnederland.nl\/over\/\" class='avia_image '  aria-label='1'><img decoding=\"async\" fetchpriority=\"high\" class='wp-image-2004 avia-img-lazy-loading-not-2004 avia_image ' src=\"https:\/\/www.hscnederland.nl\/wp-content\/uploads\/2024\/07\/1-1500x630.jpg\" alt='' title='1'  height=\"630\" width=\"1500\"  itemprop=\"thumbnailUrl\"  \/><\/a><\/div><\/div><\/div><\/p><\/div>\n<\/div><\/div><\/div><!-- close content main div --><\/div><\/div><div id='av_section_3'  class='avia-section av-16ahp-19ca60c0f8c2b2e447134fd416bbd2eb main_color avia-section-default avia-no-border-styling  avia-builder-el-25  el_after_av_one_full  avia-builder-el-last  av-desktop-hide avia-bg-style-scroll container_wrap fullsize'  ><div class='container av-section-cont-open' ><div class='template-page content  av-content-full alpha units'><div class='post-entry post-entry-type-page post-entry-2068'><div class='entry-content-wrapper clearfix'>\n<div class='flex_column_table av-1ja09-f242eae25884f58cd73762598ff2541e sc-av_one_full av-equal-height-column-flextable'>\n<style type=\"text\/css\" data-created_by=\"avia_inline_auto\" id=\"style-css-av-1ja09-f242eae25884f58cd73762598ff2541e\">\n.flex_column.av-1ja09-f242eae25884f58cd73762598ff2541e{\nborder-radius:0px 0px 0px 0px;\npadding:30px 30px 30px 30px;\nbackground-color:#2089c9;\n}\n<\/style>\n<div  class='flex_column av-1ja09-f242eae25884f58cd73762598ff2541e av_one_full  avia-builder-el-26  el_before_av_one_full  avia-builder-el-first  info1 first no_margin flex_column_table_cell av-equal-height-column av-align-middle av-animated-generic bottom-to-top  '     ><p>\n<style type=\"text\/css\" data-created_by=\"avia_inline_auto\" id=\"style-css-av-jwrvk1by-919d0940f9f71b81f9bac11d9cff6928\">\n#top .av-special-heading.av-jwrvk1by-919d0940f9f71b81f9bac11d9cff6928{\npadding-bottom:10px;\ncolor:#ffffff;\n}\nbody .av-special-heading.av-jwrvk1by-919d0940f9f71b81f9bac11d9cff6928 .av-special-heading-tag .heading-char{\nfont-size:25px;\n}\n.av-special-heading.av-jwrvk1by-919d0940f9f71b81f9bac11d9cff6928 .special-heading-inner-border{\nborder-color:#ffffff;\n}\n.av-special-heading.av-jwrvk1by-919d0940f9f71b81f9bac11d9cff6928 .av-subheading{\nfont-size:15px;\n}\n<\/style>\n<div  class='av-special-heading av-jwrvk1by-919d0940f9f71b81f9bac11d9cff6928 av-special-heading-h2 custom-color-heading blockquote modern-quote modern-centered  avia-builder-el-27  el_before_av_textblock  avia-builder-el-first '><h2 class='av-special-heading-tag '  itemprop=\"headline\"  >Contact<\/h2><div class=\"special-heading-border\"><div class=\"special-heading-inner-border\"><\/div><\/div><\/div><br \/>\n\n<style type=\"text\/css\" data-created_by=\"avia_inline_auto\" id=\"style-css-av-jwkdxjmt-2-a7a1ca47a4cfdf62ea859a03ec9d4334\">\n#top .av_textblock_section.av-jwkdxjmt-2-a7a1ca47a4cfdf62ea859a03ec9d4334 .avia_textblock{\ncolor:#ffffff;\n}\n<\/style>\n<section  class='av_textblock_section av-jwkdxjmt-2-a7a1ca47a4cfdf62ea859a03ec9d4334 '   itemscope=\"itemscope\" itemtype=\"https:\/\/schema.org\/CreativeWork\" ><div class='avia_textblock av_inherit_color'  itemprop=\"text\" ><p style=\"text-align: center;\">Vous \u00eates int\u00e9ress\u00e9 par nos services ? N&rsquo;h\u00e9sitez pas \u00e0 nous contacter.<\/p>\n<\/div><\/section><br \/>\n<div  class='avia-button-wrap av-jwkh4643-2709267ff339954ef6f8d82651dce661-wrap avia-button-center  avia-builder-el-29  el_after_av_textblock  avia-builder-el-last '><a href='https:\/\/www.hscnederland.nl\/contact\/'  class='avia-button av-jwkh4643-2709267ff339954ef6f8d82651dce661 av-link-btn avia-icon_select-yes-right-icon avia-size-medium avia-position-center av-icon-on-hover avia-color-theme-color'   aria-label=\"Contact\"><span class='avia_iconbox_title' >Contact<\/span><span class='avia_button_icon avia_button_icon_right avia-iconfont avia-font-entypo-fontello' data-av_icon='\ue879' data-av_iconfont='entypo-fontello' ><\/span><\/a><\/div><\/p><\/div><\/div><!--close column table wrapper. Autoclose: 1 --><div class='flex_column_table av-1ja09-1-2a47a6656feb0c1097d744f126fdd54d sc-av_one_full av-equal-height-column-flextable'>\n<style type=\"text\/css\" data-created_by=\"avia_inline_auto\" id=\"style-css-av-1ja09-1-2a47a6656feb0c1097d744f126fdd54d\">\n.flex_column.av-1ja09-1-2a47a6656feb0c1097d744f126fdd54d{\nborder-radius:0px 0px 0px 0px;\npadding:0px 0px 0px 0px;\n}\n<\/style>\n<div  class='flex_column av-1ja09-1-2a47a6656feb0c1097d744f126fdd54d av_one_full  avia-builder-el-30  el_after_av_one_full  avia-builder-el-last  first flex_column_table_cell av-equal-height-column av-align-middle av-animated-generic bottom-to-top av-zero-column-padding  column-top-margin'     ><\/div><\/div><!--close column table wrapper. Autoclose: 1 -->\n\n","protected":false},"excerpt":{"rendered":"","protected":false},"author":4,"featured_media":0,"parent":0,"menu_order":0,"comment_status":"closed","ping_status":"closed","template":"","meta":{"footnotes":""},"class_list":["post-2068","page","type-page","status-publish","hentry"],"_links":{"self":[{"href":"https:\/\/www.hscnederland.nl\/fr\/wp-json\/wp\/v2\/pages\/2068","targetHints":{"allow":["GET"]}}],"collection":[{"href":"https:\/\/www.hscnederland.nl\/fr\/wp-json\/wp\/v2\/pages"}],"about":[{"href":"https:\/\/www.hscnederland.nl\/fr\/wp-json\/wp\/v2\/types\/page"}],"author":[{"embeddable":true,"href":"https:\/\/www.hscnederland.nl\/fr\/wp-json\/wp\/v2\/users\/4"}],"replies":[{"embeddable":true,"href":"https:\/\/www.hscnederland.nl\/fr\/wp-json\/wp\/v2\/comments?post=2068"}],"version-history":[{"count":1,"href":"https:\/\/www.hscnederland.nl\/fr\/wp-json\/wp\/v2\/pages\/2068\/revisions"}],"predecessor-version":[{"id":2069,"href":"https:\/\/www.hscnederland.nl\/fr\/wp-json\/wp\/v2\/pages\/2068\/revisions\/2069"}],"wp:attachment":[{"href":"https:\/\/www.hscnederland.nl\/fr\/wp-json\/wp\/v2\/media?parent=2068"}],"curies":[{"name":"wp","href":"https:\/\/api.w.org\/{rel}","templated":true}]}}