{"id":2082,"date":"2019-06-05T16:03:50","date_gmt":"2019-06-05T14:03:50","guid":{"rendered":"https:\/\/www.hscnederland.nl\/over\/"},"modified":"2025-08-29T11:10:49","modified_gmt":"2025-08-29T09:10:49","slug":"over","status":"publish","type":"page","link":"https:\/\/www.hscnederland.nl\/fr\/over\/","title":{"rendered":"\u00c0 propos de nous"},"content":{"rendered":"<div id='full_slider_1'  class='avia-fullwidth-slider main_color avia-shadow   avia-builder-el-0  el_before_av_section  avia-builder-el-first   container_wrap fullsize'  ><div  class='avia-slideshow av-jysjxnsx-09fa90ccb98093f74d6f60769d65dde3 avia-slideshow-no scaling av_slideshow_full avia-fade-slider av-slideshow-ui av-control-default av-slideshow-manual av-loop-once av-loop-manual-endless av-default-height-applied  image_no_stretch avia-slideshow-1' data-slideshow-options=\"{&quot;animation&quot;:&quot;fade&quot;,&quot;autoplay&quot;:false,&quot;loop_autoplay&quot;:&quot;once&quot;,&quot;interval&quot;:4,&quot;loop_manual&quot;:&quot;manual-endless&quot;,&quot;autoplay_stopper&quot;:false,&quot;noNavigation&quot;:false,&quot;bg_slider&quot;:false,&quot;keep_padding&quot;:false,&quot;hoverpause&quot;:false,&quot;show_slide_delay&quot;:0}\"  itemprop=\"image\" itemscope=\"itemscope\" itemtype=\"https:\/\/schema.org\/ImageObject\" ><ul class='avia-slideshow-inner ' style='padding-bottom: 20.833333333333%;'><li  class='avia-slideshow-slide av-jysjxnsx-09fa90ccb98093f74d6f60769d65dde3__0  slide-1 slide-odd'><div data-rel='slideshow-1' class='avia-slide-wrap '   ><img decoding=\"async\" fetchpriority=\"high\" class=\"wp-image-1802 avia-img-lazy-loading-not-1802\"  src=\"https:\/\/www.hscnederland.nl\/wp-content\/uploads\/2019\/08\/1920x400-2.jpg\" width=\"1920\" height=\"400\" title='1920x400 (2)' alt=''  itemprop=\"thumbnailUrl\" srcset=\"https:\/\/www.hscnederland.nl\/wp-content\/uploads\/2019\/08\/1920x400-2.jpg 1920w, https:\/\/www.hscnederland.nl\/wp-content\/uploads\/2019\/08\/1920x400-2-600x125.jpg 600w, https:\/\/www.hscnederland.nl\/wp-content\/uploads\/2019\/08\/1920x400-2-300x63.jpg 300w, https:\/\/www.hscnederland.nl\/wp-content\/uploads\/2019\/08\/1920x400-2-768x160.jpg 768w, https:\/\/www.hscnederland.nl\/wp-content\/uploads\/2019\/08\/1920x400-2-1030x215.jpg 1030w, https:\/\/www.hscnederland.nl\/wp-content\/uploads\/2019\/08\/1920x400-2-1500x313.jpg 1500w, https:\/\/www.hscnederland.nl\/wp-content\/uploads\/2019\/08\/1920x400-2-705x147.jpg 705w, https:\/\/www.hscnederland.nl\/wp-content\/uploads\/2019\/08\/1920x400-2-450x94.jpg 450w\" sizes=\"(max-width: 1920px) 100vw, 1920px\" \/><\/div><\/li><li  class='avia-slideshow-slide av-jysjxnsx-09fa90ccb98093f74d6f60769d65dde3__1  slide-2 slide-even'><div data-rel='slideshow-1' class='avia-slide-wrap '   ><img decoding=\"async\" fetchpriority=\"high\" class=\"wp-image-1800 avia-img-lazy-loading-not-1800\"  src=\"https:\/\/www.hscnederland.nl\/wp-content\/uploads\/2019\/08\/1920x400-1.jpg\" width=\"1920\" height=\"400\" title='1920x400' alt=''  itemprop=\"thumbnailUrl\" srcset=\"https:\/\/www.hscnederland.nl\/wp-content\/uploads\/2019\/08\/1920x400-1.jpg 1920w, https:\/\/www.hscnederland.nl\/wp-content\/uploads\/2019\/08\/1920x400-1-600x125.jpg 600w, https:\/\/www.hscnederland.nl\/wp-content\/uploads\/2019\/08\/1920x400-1-300x63.jpg 300w, https:\/\/www.hscnederland.nl\/wp-content\/uploads\/2019\/08\/1920x400-1-768x160.jpg 768w, https:\/\/www.hscnederland.nl\/wp-content\/uploads\/2019\/08\/1920x400-1-1030x215.jpg 1030w, https:\/\/www.hscnederland.nl\/wp-content\/uploads\/2019\/08\/1920x400-1-1500x313.jpg 1500w, https:\/\/www.hscnederland.nl\/wp-content\/uploads\/2019\/08\/1920x400-1-705x147.jpg 705w, https:\/\/www.hscnederland.nl\/wp-content\/uploads\/2019\/08\/1920x400-1-450x94.jpg 450w\" sizes=\"(max-width: 1920px) 100vw, 1920px\" \/><\/div><\/li><\/ul><div class='avia-slideshow-arrows avia-slideshow-controls' ><a href='#prev' class='prev-slide  avia-svg-icon avia-font-svg_entypo-fontello' data-av_svg_icon='left-open-big' data-av_iconset='svg_entypo-fontello' tabindex='-1' title=\"Pr\u00e9c\u00e9dent\"><svg version=\"1.1\" xmlns=\"http:\/\/www.w3.org\/2000\/svg\" width=\"15\" height=\"32\" viewBox=\"0 0 15 32\" preserveAspectRatio=\"xMidYMid meet\" aria-labelledby='av-svg-title-1' aria-describedby='av-svg-desc-1' role=\"graphics-symbol\" aria-hidden=\"true\">\n<title id='av-svg-title-1'>Pr\u00e9c\u00e9dent<\/title>\n<desc id='av-svg-desc-1'>Pr\u00e9c\u00e9dent<\/desc>\n<path d=\"M14.464 27.84q0.832 0.832 0 1.536-0.832 0.832-1.536 0l-12.544-12.608q-0.768-0.768 0-1.6l12.544-12.608q0.704-0.832 1.536 0 0.832 0.704 0 1.536l-11.456 11.904z\"><\/path>\n<\/svg><span class='avia_hidden_link_text'>Pr\u00e9c\u00e9dent<\/span><\/a><a href='#next' class='next-slide  avia-svg-icon avia-font-svg_entypo-fontello' data-av_svg_icon='right-open-big' data-av_iconset='svg_entypo-fontello' tabindex='-1' title=\"Suivant\"><svg version=\"1.1\" xmlns=\"http:\/\/www.w3.org\/2000\/svg\" width=\"15\" height=\"32\" viewBox=\"0 0 15 32\" preserveAspectRatio=\"xMidYMid meet\" aria-labelledby='av-svg-title-2' aria-describedby='av-svg-desc-2' role=\"graphics-symbol\" aria-hidden=\"true\">\n<title id='av-svg-title-2'>Suivant<\/title>\n<desc id='av-svg-desc-2'>Suivant<\/desc>\n<path d=\"M0.416 27.84l11.456-11.84-11.456-11.904q-0.832-0.832 0-1.536 0.832-0.832 1.536 0l12.544 12.608q0.768 0.832 0 1.6l-12.544 12.608q-0.704 0.832-1.536 0-0.832-0.704 0-1.536z\"><\/path>\n<\/svg><span class='avia_hidden_link_text'>Suivant<\/span><\/a><\/div><div class='avia-slideshow-dots avia-slideshow-controls'><a href='#1' class='goto-slide active' >1<\/a><a href='#2' class='goto-slide ' >2<\/a><\/div><\/div><\/div>\n<div id='av_section_1'  class='avia-section av-31vcl-5a1a767b4e0709840983af525308d765 main_color avia-section-default avia-no-border-styling  avia-builder-el-1  el_after_av_slideshow_full  el_before_av_section  avia-bg-style-scroll container_wrap fullsize'  ><div class='container av-section-cont-open' ><div class='template-page content  av-content-full alpha units'><div class='post-entry post-entry-type-page post-entry-2082'><div class='entry-content-wrapper clearfix'>\n<div class='flex_column_table av-2g93x-0e542c0ded97a5e2c8f6955ebfa2b713 sc-av_two_fifth av-equal-height-column-flextable'>\n<style type=\"text\/css\" data-created_by=\"avia_inline_auto\" id=\"style-css-av-2g93x-0e542c0ded97a5e2c8f6955ebfa2b713\">\n.flex_column.av-2g93x-0e542c0ded97a5e2c8f6955ebfa2b713{\nborder-radius:0px 0px 0px 0px;\npadding:0px 0px 0px 0px;\n}\n<\/style>\n<div  class='flex_column av-2g93x-0e542c0ded97a5e2c8f6955ebfa2b713 av_two_fifth  avia-builder-el-2  el_before_av_three_fifth  avia-builder-el-first  first flex_column_table_cell av-equal-height-column av-align-middle av-animated-generic bottom-to-top av-zero-column-padding  '     ><style type=\"text\/css\" data-created_by=\"avia_inline_auto\" id=\"style-css-av-7ipd-746e9747211d8c9a8f9dd42cb20780db\">\n.avia-image-container.av-7ipd-746e9747211d8c9a8f9dd42cb20780db img.avia_image{\nbox-shadow:none;\n}\n.avia-image-container.av-7ipd-746e9747211d8c9a8f9dd42cb20780db .av-image-caption-overlay-center{\ncolor:#ffffff;\n}\n<\/style>\n<div  class='avia-image-container av-7ipd-746e9747211d8c9a8f9dd42cb20780db av-styling- av-hover-grow av-hide-overflow avia-align-center  avia-builder-el-3  avia-builder-el-no-sibling '   itemprop=\"image\" itemscope=\"itemscope\" itemtype=\"https:\/\/schema.org\/ImageObject\" ><div class=\"avia-image-container-inner\"><div class=\"avia-image-overlay-wrap\"><img decoding=\"async\" fetchpriority=\"high\" class='wp-image-1808 avia-img-lazy-loading-not-1808 avia_image ' src=\"https:\/\/www.hscnederland.nl\/wp-content\/uploads\/2019\/08\/1200x632-1.jpg\" alt='' title='1200x632'  height=\"632\" width=\"1200\"  itemprop=\"thumbnailUrl\" srcset=\"https:\/\/www.hscnederland.nl\/wp-content\/uploads\/2019\/08\/1200x632-1.jpg 1200w, https:\/\/www.hscnederland.nl\/wp-content\/uploads\/2019\/08\/1200x632-1-600x316.jpg 600w, https:\/\/www.hscnederland.nl\/wp-content\/uploads\/2019\/08\/1200x632-1-300x158.jpg 300w, https:\/\/www.hscnederland.nl\/wp-content\/uploads\/2019\/08\/1200x632-1-768x404.jpg 768w, https:\/\/www.hscnederland.nl\/wp-content\/uploads\/2019\/08\/1200x632-1-1030x542.jpg 1030w, https:\/\/www.hscnederland.nl\/wp-content\/uploads\/2019\/08\/1200x632-1-710x375.jpg 710w, https:\/\/www.hscnederland.nl\/wp-content\/uploads\/2019\/08\/1200x632-1-705x371.jpg 705w, https:\/\/www.hscnederland.nl\/wp-content\/uploads\/2019\/08\/1200x632-1-450x237.jpg 450w\" sizes=\"(max-width: 1200px) 100vw, 1200px\" \/><\/div><\/div><\/div><\/div><div class='av-flex-placeholder'><\/div>\n<style type=\"text\/css\" data-created_by=\"avia_inline_auto\" id=\"style-css-av-1n4hx-46c6747fa8d765ede8cd339c729dd98f\">\n.flex_column.av-1n4hx-46c6747fa8d765ede8cd339c729dd98f{\nborder-radius:0px 0px 0px 0px;\npadding:0px 0px 0px 0px;\n}\n<\/style>\n<div  class='flex_column av-1n4hx-46c6747fa8d765ede8cd339c729dd98f av_three_fifth  avia-builder-el-4  el_after_av_two_fifth  avia-builder-el-last  flex_column_table_cell av-equal-height-column av-align-middle av-animated-generic bottom-to-top av-zero-column-padding  '     ><p>\n<style type=\"text\/css\" data-created_by=\"avia_inline_auto\" id=\"style-css-av-1gflp-bee9bbba4545a6df247fff8ca5e1e16c\">\n#top .av-special-heading.av-1gflp-bee9bbba4545a6df247fff8ca5e1e16c{\npadding-bottom:10px;\n}\nbody .av-special-heading.av-1gflp-bee9bbba4545a6df247fff8ca5e1e16c .av-special-heading-tag .heading-char{\nfont-size:25px;\n}\n.av-special-heading.av-1gflp-bee9bbba4545a6df247fff8ca5e1e16c .av-subheading{\nfont-size:15px;\n}\n<\/style>\n<div  class='av-special-heading av-1gflp-bee9bbba4545a6df247fff8ca5e1e16c av-special-heading-h2 blockquote modern-quote  avia-builder-el-5  el_before_av_textblock  avia-builder-el-first  av-linked-heading'><h2 class='av-special-heading-tag '  itemprop=\"headline\"  >Qui sommes-nous?<\/h2><div class=\"special-heading-border\"><div class=\"special-heading-inner-border\"><\/div><\/div><\/div><br \/>\n<section  class='av_textblock_section av-jwlraxfl-40fb47d4caded6f547fa9c285fa13661 '   itemscope=\"itemscope\" itemtype=\"https:\/\/schema.org\/CreativeWork\" ><div class='avia_textblock'  itemprop=\"text\" ><p>Onze naam Horloge &amp; Sieraden Center Nederland laat weinig ruimte voor twijfel. Sinds 2011 is onder deze naam een reparatie atelier op de kaart gezet, waar in Nederland geen tweede van bestaat.<\/p>\n<p>HSC Nederland onderscheidt zich door een hoge graad van service. Naast snelle en vakkundige reparaties, bieden wij de klant de mogelijkheid om op ieder gewenst moment inzage te hebben in het traject van de reparatie. Met een team van vakkundige en speciaal daarvoor opgeleide horlogemakers verzorgen wij met uiterste zorg al uw horloge- en sieraden reparaties.<\/p>\n<\/div><\/section><\/p><\/div><\/div><!--close column table wrapper. Autoclose: 1 --><\/div><\/div><\/div><!-- close content main div --><\/div><\/div><div id='av_section_2'  class='avia-section av-31vcl-5a1a767b4e0709840983af525308d765 main_color avia-section-default avia-no-border-styling  avia-builder-el-7  el_after_av_section  avia-builder-el-last  avia-bg-style-scroll container_wrap fullsize'  ><div class='container av-section-cont-open' ><div class='template-page content  av-content-full alpha units'><div class='post-entry post-entry-type-page post-entry-2082'><div class='entry-content-wrapper clearfix'>\n\n<style type=\"text\/css\" data-created_by=\"avia_inline_auto\" id=\"style-css-av-1n4hx-7f51dd948b58214599f608388cd5a9db\">\n.flex_column.av-1n4hx-7f51dd948b58214599f608388cd5a9db{\nborder-radius:0px 0px 0px 0px;\npadding:0px 0px 0px 0px;\n}\n<\/style>\n<div  class='flex_column av-1n4hx-7f51dd948b58214599f608388cd5a9db av_one_half  avia-builder-el-8  el_before_av_one_half  avia-builder-el-first  first flex_column_div av-animated-generic bottom-to-top av-zero-column-padding  '     ><p>\n<style type=\"text\/css\" data-created_by=\"avia_inline_auto\" id=\"style-css-av-v12t-e8b1065df27ddfb5c260582c790a4a51\">\n#top .av-special-heading.av-v12t-e8b1065df27ddfb5c260582c790a4a51{\npadding-bottom:10px;\n}\nbody .av-special-heading.av-v12t-e8b1065df27ddfb5c260582c790a4a51 .av-special-heading-tag .heading-char{\nfont-size:25px;\n}\n.av-special-heading.av-v12t-e8b1065df27ddfb5c260582c790a4a51 .av-subheading{\nfont-size:15px;\n}\n<\/style>\n<div  class='av-special-heading av-v12t-e8b1065df27ddfb5c260582c790a4a51 av-special-heading-h2 blockquote modern-quote  avia-builder-el-9  el_before_av_textblock  avia-builder-el-first '><h2 class='av-special-heading-tag '  itemprop=\"headline\"  >Que faisons-nous?<\/h2><div class=\"special-heading-border\"><div class=\"special-heading-inner-border\"><\/div><\/div><\/div><br \/>\n\n<style type=\"text\/css\" data-created_by=\"avia_inline_auto\" id=\"style-css-av-jwlraxfl-555bc421685a7e10d621ed03e367f0a5\">\n#top .av_textblock_section.av-jwlraxfl-555bc421685a7e10d621ed03e367f0a5 .avia_textblock{\ncolor:#1d4f61;\n}\n<\/style>\n<section  class='av_textblock_section av-jwlraxfl-555bc421685a7e10d621ed03e367f0a5 '   itemscope=\"itemscope\" itemtype=\"https:\/\/schema.org\/CreativeWork\" ><div class='avia_textblock av_inherit_color'  itemprop=\"text\" ><p>HSC prend en charge tous vos besoins apr\u00e8s-vente. De la r\u00e9ception de la r\u00e9paration jusqu&rsquo;au retour du v\u00e9hicule \u00e0 votre client, vous n&rsquo;aurez quasiment aucun souci. <\/p>\n<p><strong>Unique<\/strong><br \/>\nHSC est le premier centre de service \u00e0 s&rsquo;int\u00e9grer \u00e0 JUPA. Vous pouvez facilement cr\u00e9er un ordre de service et consulter l&rsquo;\u00e9tat d&rsquo;une r\u00e9paration dans votre syst\u00e8me de caisse JUPA. <\/p>\n<p><strong>Rendez-vous pour les marques horlog\u00e8res<\/strong><br \/>\nHSC travaille en \u00e9troite collaboration avec ses fournisseurs et a conclu d&rsquo;excellents accords pour garantir un traitement rapide et simple. Plusieurs exp\u00e9ditions hebdomadaires vers et depuis les fournisseurs r\u00e9duisent consid\u00e9rablement les d\u00e9lais. Le processus est simple et rapide. Le principal avantage pour vous est que vous pouvez envoyer toutes vos r\u00e9parations de montres \u00e0 HSC dans un seul colis. Nous prenons en charge l&rsquo;exp\u00e9dition vers tous les fournisseurs aux Pays-Bas.<\/p>\n<\/div><\/section><\/p><\/div>\n<style type=\"text\/css\" data-created_by=\"avia_inline_auto\" id=\"style-css-av-1n4hx-46c6747fa8d765ede8cd339c729dd98f\">\n.flex_column.av-1n4hx-46c6747fa8d765ede8cd339c729dd98f{\nborder-radius:0px 0px 0px 0px;\npadding:0px 0px 0px 0px;\n}\n<\/style>\n<div  class='flex_column av-1n4hx-46c6747fa8d765ede8cd339c729dd98f av_one_half  avia-builder-el-11  el_after_av_one_half  avia-builder-el-last  flex_column_div av-animated-generic bottom-to-top av-zero-column-padding  '     ><p>\n<style type=\"text\/css\" data-created_by=\"avia_inline_auto\" id=\"style-css-av-jwlx4gz1-f97480782944c7748fd688ddb5301328\">\n#top .hr.hr-invisible.av-jwlx4gz1-f97480782944c7748fd688ddb5301328{\nheight:40px;\n}\n<\/style>\n<div  class='hr av-jwlx4gz1-f97480782944c7748fd688ddb5301328 hr-invisible  avia-builder-el-12  el_before_av_textblock  avia-builder-el-first '><span class='hr-inner '><span class=\"hr-inner-style\"><\/span><\/span><\/div><br \/>\n<section  class='av_textblock_section av-jwlraxfl-40fb47d4caded6f547fa9c285fa13661 '   itemscope=\"itemscope\" itemtype=\"https:\/\/schema.org\/CreativeWork\" ><div class='avia_textblock'  itemprop=\"text\" ><p><strong>Bo\u00eetes d&rsquo;exp\u00e9dition sp\u00e9ciales<\/strong><br \/>\nNous vous proposons des bo\u00eetes d&rsquo;exp\u00e9dition sp\u00e9ciales avec un sceau bien visible. Nos envois sont scell\u00e9s de rouge et nos bo\u00eetes de retour de bleu. Ainsi, vous n&rsquo;enverrez et ne recevrez qu&rsquo;un seul colis par semaine. Le colis sera livr\u00e9 et r\u00e9cup\u00e9r\u00e9 par Mikropakket.   <\/p>\n<p><strong>Aper\u00e7u instantan\u00e9 de vos r\u00e9parations<\/strong><br \/>\nHSC propose un logiciel permettant de visualiser instantan\u00e9ment l&rsquo;\u00e9tat de vos r\u00e9parations. Ce programme est tr\u00e8s convivial et gratuit. Nous ne proposons pas de forfait avec abonnement mensuel. Ce logiciel, sp\u00e9cialement con\u00e7u pour les bijoutiers, vous permet de saisir facilement vos r\u00e9parations dans notre syst\u00e8me depuis votre ordinateur. Une connexion internet et une imprimante suffisent. Aucun \u00e9quipement suppl\u00e9mentaire n&rsquo;est requis.<\/p>\n<\/div><\/section><\/p><\/div><\/p>\n","protected":false},"excerpt":{"rendered":"","protected":false},"author":1,"featured_media":0,"parent":0,"menu_order":0,"comment_status":"closed","ping_status":"closed","template":"","meta":{"footnotes":""},"class_list":["post-2082","page","type-page","status-publish","hentry"],"_links":{"self":[{"href":"https:\/\/www.hscnederland.nl\/fr\/wp-json\/wp\/v2\/pages\/2082","targetHints":{"allow":["GET"]}}],"collection":[{"href":"https:\/\/www.hscnederland.nl\/fr\/wp-json\/wp\/v2\/pages"}],"about":[{"href":"https:\/\/www.hscnederland.nl\/fr\/wp-json\/wp\/v2\/types\/page"}],"author":[{"embeddable":true,"href":"https:\/\/www.hscnederland.nl\/fr\/wp-json\/wp\/v2\/users\/1"}],"replies":[{"embeddable":true,"href":"https:\/\/www.hscnederland.nl\/fr\/wp-json\/wp\/v2\/comments?post=2082"}],"version-history":[{"count":5,"href":"https:\/\/www.hscnederland.nl\/fr\/wp-json\/wp\/v2\/pages\/2082\/revisions"}],"predecessor-version":[{"id":13637,"href":"https:\/\/www.hscnederland.nl\/fr\/wp-json\/wp\/v2\/pages\/2082\/revisions\/13637"}],"wp:attachment":[{"href":"https:\/\/www.hscnederland.nl\/fr\/wp-json\/wp\/v2\/media?parent=2082"}],"curies":[{"name":"wp","href":"https:\/\/api.w.org\/{rel}","templated":true}]}}